{"id":1654,"date":"2023-05-22T12:46:44","date_gmt":"2023-05-22T10:46:44","guid":{"rendered":"https:\/\/embrofly.com\/cart\/"},"modified":"2023-06-26T11:00:32","modified_gmt":"2023-06-26T09:00:32","slug":"cart","status":"publish","type":"page","link":"https:\/\/embrofly.com\/en\/cart\/","title":{"rendered":"Cart"},"content":{"rendered":"\t\t<div data-elementor-type=\"wp-page\" data-elementor-id=\"1654\" class=\"elementor elementor-1654 elementor-58\">\n\t\t\t\t\t\t\t\t\t<section class=\"elementor-section elementor-top-section elementor-element elementor-element-1b6ea48 elementor-section-boxed elementor-section-height-default elementor-section-height-default\" data-id=\"1b6ea48\" data-element_type=\"section\">\n\t\t\t\t\t\t<div class=\"elementor-container elementor-column-gap-default\">\n\t\t\t\t\t<div class=\"elementor-column elementor-col-100 elementor-top-column elementor-element elementor-element-2621160\" data-id=\"2621160\" data-element_type=\"column\">\n\t\t\t<div class=\"elementor-widget-wrap elementor-element-populated\">\n\t\t\t\t\t\t\t\t<div class=\"elementor-element elementor-element-7030949 e-cart-layout-one-column elementor-widget elementor-widget-woocommerce-cart\" data-id=\"7030949\" data-element_type=\"widget\" data-settings=\"{&quot;update_cart_automatically&quot;:&quot;yes&quot;}\" data-widget_type=\"woocommerce-cart.default\">\n\t\t\t\t<div class=\"elementor-widget-container\">\n\t\t\t<link rel=\"stylesheet\" href=\"https:\/\/embrofly.com\/wp-content\/plugins\/pro-elements\/assets\/css\/widget-woocommerce.min.css\"><div class=\"woocommerce\"><div class=\"woocommerce-notices-wrapper\"><\/div><p class=\"cart-empty woocommerce-info\">Your cart is currently empty.<\/p>\t<p class=\"return-to-shop\">\n\t\t<a class=\"button wc-backward wp-element-button\" href=\"https:\/\/embrofly.com\/en\/shop\/\">\n\t\t\tReturn to shop\t\t<\/a>\n\t<\/p>\n<\/div>\t\t<\/div>\n\t\t\t\t<\/div>\n\t\t\t\t\t<\/div>\n\t\t<\/div>\n\t\t\t\t\t\t\t<\/div>\n\t\t<\/section>\n\t\t\t\t\t\t\t<\/div>\n\t\t","protected":false},"excerpt":{"rendered":"<p>Tw\u00f3j koszyk aktualnie jest pusty. Wr\u00f3\u0107 do sklepu<\/p>\n","protected":false},"author":1,"featured_media":0,"parent":0,"menu_order":0,"comment_status":"closed","ping_status":"closed","template":"","meta":{"footnotes":""},"class_list":["post-1654","page","type-page","status-publish","hentry"],"acf":[],"yoast_head":"<!-- This site is optimized with the Yoast SEO plugin v20.7 - https:\/\/yoast.com\/wordpress\/plugins\/seo\/ -->\n<title>Cart - Embrofly<\/title>\n<meta name=\"robots\" content=\"index, follow, max-snippet:-1, max-image-preview:large, max-video-preview:-1\" \/>\n<link rel=\"canonical\" href=\"https:\/\/embrofly.com\/en\/cart\/\" \/>\n<meta property=\"og:locale\" content=\"en_US\" \/>\n<meta property=\"og:type\" content=\"article\" \/>\n<meta property=\"og:title\" content=\"Cart - Embrofly\" \/>\n<meta property=\"og:description\" content=\"Tw\u00f3j koszyk aktualnie jest pusty. Wr\u00f3\u0107 do sklepu\" \/>\n<meta property=\"og:url\" content=\"https:\/\/embrofly.com\/en\/cart\/\" \/>\n<meta property=\"og:site_name\" content=\"Embrofly\" \/>\n<meta property=\"article:modified_time\" content=\"2023-06-26T09:00:32+00:00\" \/>\n<meta name=\"twitter:card\" content=\"summary_large_image\" \/>\n<script type=\"application\/ld+json\" class=\"yoast-schema-graph\">{\"@context\":\"https:\/\/schema.org\",\"@graph\":[{\"@type\":\"WebPage\",\"@id\":\"https:\/\/embrofly.com\/en\/cart\/\",\"url\":\"https:\/\/embrofly.com\/en\/cart\/\",\"name\":\"Cart - Embrofly\",\"isPartOf\":{\"@id\":\"https:\/\/embrofly.com\/#website\"},\"datePublished\":\"2023-05-22T10:46:44+00:00\",\"dateModified\":\"2023-06-26T09:00:32+00:00\",\"breadcrumb\":{\"@id\":\"https:\/\/embrofly.com\/en\/cart\/#breadcrumb\"},\"inLanguage\":\"en-US\",\"potentialAction\":[{\"@type\":\"ReadAction\",\"target\":[\"https:\/\/embrofly.com\/en\/cart\/\"]}]},{\"@type\":\"BreadcrumbList\",\"@id\":\"https:\/\/embrofly.com\/en\/cart\/#breadcrumb\",\"itemListElement\":[{\"@type\":\"ListItem\",\"position\":1,\"name\":\"Strona g\u0142\u00f3wna\",\"item\":\"https:\/\/embrofly.com\/\"},{\"@type\":\"ListItem\",\"position\":2,\"name\":\"Cart\"}]},{\"@type\":\"WebSite\",\"@id\":\"https:\/\/embrofly.com\/#website\",\"url\":\"https:\/\/embrofly.com\/\",\"name\":\"Embrofly\",\"description\":\"\",\"publisher\":{\"@id\":\"https:\/\/embrofly.com\/#organization\"},\"potentialAction\":[{\"@type\":\"SearchAction\",\"target\":{\"@type\":\"EntryPoint\",\"urlTemplate\":\"https:\/\/embrofly.com\/?s={search_term_string}\"},\"query-input\":\"required name=search_term_string\"}],\"inLanguage\":\"en-US\"},{\"@type\":\"Organization\",\"@id\":\"https:\/\/embrofly.com\/#organization\",\"name\":\"Embrofly\",\"url\":\"https:\/\/embrofly.com\/\",\"logo\":{\"@type\":\"ImageObject\",\"inLanguage\":\"en-US\",\"@id\":\"https:\/\/embrofly.com\/#\/schema\/logo\/image\/\",\"url\":\"https:\/\/embrofly.com\/wp-content\/uploads\/2023\/05\/embrofly-logo.svg\",\"contentUrl\":\"https:\/\/embrofly.com\/wp-content\/uploads\/2023\/05\/embrofly-logo.svg\",\"width\":178,\"height\":66,\"caption\":\"Embrofly\"},\"image\":{\"@id\":\"https:\/\/embrofly.com\/#\/schema\/logo\/image\/\"}}]}<\/script>\n<!-- \/ Yoast SEO plugin. -->","yoast_head_json":{"title":"Cart - Embrofly","robots":{"index":"index","follow":"follow","max-snippet":"max-snippet:-1","max-image-preview":"max-image-preview:large","max-video-preview":"max-video-preview:-1"},"canonical":"https:\/\/embrofly.com\/en\/cart\/","og_locale":"en_US","og_type":"article","og_title":"Cart - Embrofly","og_description":"Tw\u00f3j koszyk aktualnie jest pusty. Wr\u00f3\u0107 do sklepu","og_url":"https:\/\/embrofly.com\/en\/cart\/","og_site_name":"Embrofly","article_modified_time":"2023-06-26T09:00:32+00:00","twitter_card":"summary_large_image","schema":{"@context":"https:\/\/schema.org","@graph":[{"@type":"WebPage","@id":"https:\/\/embrofly.com\/en\/cart\/","url":"https:\/\/embrofly.com\/en\/cart\/","name":"Cart - Embrofly","isPartOf":{"@id":"https:\/\/embrofly.com\/#website"},"datePublished":"2023-05-22T10:46:44+00:00","dateModified":"2023-06-26T09:00:32+00:00","breadcrumb":{"@id":"https:\/\/embrofly.com\/en\/cart\/#breadcrumb"},"inLanguage":"en-US","potentialAction":[{"@type":"ReadAction","target":["https:\/\/embrofly.com\/en\/cart\/"]}]},{"@type":"BreadcrumbList","@id":"https:\/\/embrofly.com\/en\/cart\/#breadcrumb","itemListElement":[{"@type":"ListItem","position":1,"name":"Strona g\u0142\u00f3wna","item":"https:\/\/embrofly.com\/"},{"@type":"ListItem","position":2,"name":"Cart"}]},{"@type":"WebSite","@id":"https:\/\/embrofly.com\/#website","url":"https:\/\/embrofly.com\/","name":"Embrofly","description":"","publisher":{"@id":"https:\/\/embrofly.com\/#organization"},"potentialAction":[{"@type":"SearchAction","target":{"@type":"EntryPoint","urlTemplate":"https:\/\/embrofly.com\/?s={search_term_string}"},"query-input":"required name=search_term_string"}],"inLanguage":"en-US"},{"@type":"Organization","@id":"https:\/\/embrofly.com\/#organization","name":"Embrofly","url":"https:\/\/embrofly.com\/","logo":{"@type":"ImageObject","inLanguage":"en-US","@id":"https:\/\/embrofly.com\/#\/schema\/logo\/image\/","url":"https:\/\/embrofly.com\/wp-content\/uploads\/2023\/05\/embrofly-logo.svg","contentUrl":"https:\/\/embrofly.com\/wp-content\/uploads\/2023\/05\/embrofly-logo.svg","width":178,"height":66,"caption":"Embrofly"},"image":{"@id":"https:\/\/embrofly.com\/#\/schema\/logo\/image\/"}}]}},"_links":{"self":[{"href":"https:\/\/embrofly.com\/en\/wp-json\/wp\/v2\/pages\/1654","targetHints":{"allow":["GET"]}}],"collection":[{"href":"https:\/\/embrofly.com\/en\/wp-json\/wp\/v2\/pages"}],"about":[{"href":"https:\/\/embrofly.com\/en\/wp-json\/wp\/v2\/types\/page"}],"author":[{"embeddable":true,"href":"https:\/\/embrofly.com\/en\/wp-json\/wp\/v2\/users\/1"}],"replies":[{"embeddable":true,"href":"https:\/\/embrofly.com\/en\/wp-json\/wp\/v2\/comments?post=1654"}],"version-history":[{"count":2,"href":"https:\/\/embrofly.com\/en\/wp-json\/wp\/v2\/pages\/1654\/revisions"}],"predecessor-version":[{"id":2466,"href":"https:\/\/embrofly.com\/en\/wp-json\/wp\/v2\/pages\/1654\/revisions\/2466"}],"wp:attachment":[{"href":"https:\/\/embrofly.com\/en\/wp-json\/wp\/v2\/media?parent=1654"}],"curies":[{"name":"wp","href":"https:\/\/api.w.org\/{rel}","templated":true}]}}